{"id":105303,"date":"2026-01-12T11:31:12","date_gmt":"2026-01-12T10:31:12","guid":{"rendered":"https:\/\/tfc-twisters.at\/?page_id=105303"},"modified":"2026-04-08T15:35:16","modified_gmt":"2026-04-08T13:35:16","slug":"twisters-cup","status":"publish","type":"page","link":"https:\/\/tfc-twisters.at\/?page_id=105303","title":{"rendered":"Twisters-Cup"},"content":{"rendered":"<p>[et_pb_section fb_built=&#8220;1&#8243; next_background_color=&#8220;#ffffff&#8220; admin_label=&#8220;Header&#8220; _builder_version=&#8220;4.16&#8243; use_background_color_gradient=&#8220;on&#8220; background_color_gradient_direction=&#8220;120deg&#8220; background_color_gradient_stops=&#8220;rgba(35,0,0,0.88) 60%|rgba(71,0,0,0.75) 60%&#8220; background_color_gradient_overlays_image=&#8220;on&#8220; background_color_gradient_start=&#8220;rgba(35,0,0,0.88)&#8220; background_color_gradient_start_position=&#8220;60%&#8220; background_color_gradient_end=&#8220;rgba(71,0,0,0.75)&#8220; background_color_gradient_end_position=&#8220;60%&#8220; background_image=&#8220;https:\/\/tfc-twisters.at\/wp-content\/uploads\/2022\/02\/IMG_8516-2-scaled.jpg&#8220; custom_padding=&#8220;7vw|0px|0px|0px|false|false&#8220; bottom_divider_style=&#8220;mountains2&#8243; bottom_divider_flip=&#8220;horizontal&#8220; locked=&#8220;off&#8220; global_colors_info=&#8220;{}&#8220;][et_pb_row _builder_version=&#8220;4.16&#8243; custom_width_px=&#8220;1280px&#8220; global_colors_info=&#8220;{}&#8220;][et_pb_column type=&#8220;4_4&#8243; _builder_version=&#8220;4.16&#8243; custom_padding=&#8220;|||&#8220; global_colors_info=&#8220;{}&#8220; custom_padding__hover=&#8220;|||&#8220;][et_pb_text _builder_version=&#8220;4.25.0&#8243; text_font=&#8220;Open Sans||||||||&#8220; text_font_size=&#8220;16px&#8220; text_line_height=&#8220;1.8em&#8220; header_font=&#8220;Squada One|||on|||||&#8220; header_font_size=&#8220;60px&#8220; header_letter_spacing=&#8220;1px&#8220; header_line_height=&#8220;1.1em&#8220; background_layout=&#8220;dark&#8220; max_width=&#8220;700px&#8220; min_height=&#8220;219.4px&#8220; animation_style=&#8220;fade&#8220; text_font_size_tablet=&#8220;&#8220; text_font_size_phone=&#8220;&#8220; text_font_size_last_edited=&#8220;on|desktop&#8220; text_line_height_tablet=&#8220;&#8220; text_line_height_phone=&#8220;&#8220; text_line_height_last_edited=&#8220;on|desktop&#8220; header_font_size_tablet=&#8220;&#8220; header_font_size_phone=&#8220;32px&#8220; header_font_size_last_edited=&#8220;on|phone&#8220; global_colors_info=&#8220;{}&#8220;]<\/p>\n<h1>Twisters-Cup<\/h1>\n<p data-start=\"238\" data-end=\"524\">Der <strong data-start=\"242\" data-end=\"258\">Twisters-Cup<\/strong> ist eine monatliche Tischfu\u00dfball-Turnierserie mit Trainingscharakter. Ziel ist es, regelm\u00e4\u00dfiges Spielen zu f\u00f6rdern, insbesondere das <strong data-start=\"392\" data-end=\"413\">Mittwochstraining<\/strong>, und Spielern aller Leistungsstufen die M\u00f6glichkeit zu geben, im <strong data-start=\"479\" data-end=\"501\">Monster-DYP-Format<\/strong> voneinander zu lernen.<\/p>\n<p>[\/et_pb_text][\/et_pb_column][\/et_pb_row][\/et_pb_section][et_pb_section fb_built=&#8220;1&#8243; next_background_color=&#8220;#000000&#8243; admin_label=&#8220;Roster&#8220; _builder_version=&#8220;4.16&#8243; custom_padding=&#8220;1px|0px|110px|0px|false|false&#8220; bottom_divider_style=&#8220;slant2&#8243; locked=&#8220;off&#8220; global_colors_info=&#8220;{}&#8220;][et_pb_row column_structure=&#8220;1_2,1_2&#8243; _builder_version=&#8220;4.16&#8243; _module_preset=&#8220;default&#8220; global_colors_info=&#8220;{}&#8220;][et_pb_column type=&#8220;1_2&#8243; _builder_version=&#8220;4.16&#8243; _module_preset=&#8220;default&#8220; global_colors_info=&#8220;{}&#8220;][et_pb_text _builder_version=&#8220;4.27.5&#8243; _module_preset=&#8220;default&#8220; header_2_font=&#8220;Squada One||||||||&#8220; custom_padding=&#8220;||0px|||&#8220; global_colors_info=&#8220;{}&#8220;]<\/p>\n<h2>Ziele<\/h2>\n<ul data-start=\"558\" data-end=\"748\">\n<li data-start=\"558\" data-end=\"597\">\n<p data-start=\"560\" data-end=\"597\">Steigerung der Trainingsbeteiligung<\/p>\n<\/li>\n<li data-start=\"598\" data-end=\"634\">\n<p data-start=\"600\" data-end=\"634\">F\u00f6rderung des Mittwochstrainings<\/p>\n<\/li>\n<li data-start=\"635\" data-end=\"683\">\n<p data-start=\"637\" data-end=\"683\">Multitable-Training mit Wettbewerbscharakter<\/p>\n<\/li>\n<li data-start=\"684\" data-end=\"748\">\n<p data-start=\"686\" data-end=\"748\">Monster-DYP-Variante: Spielen mit und gegen st\u00e4rkere Spieler<\/p>\n<\/li>\n<\/ul>\n<p data-start=\"750\" data-end=\"856\">Der Twisters-Cup richtet sich ausdr\u00fccklich an <strong data-start=\"796\" data-end=\"812\">alle Spieler<\/strong>, unabh\u00e4ngig von Spielst\u00e4rke oder Erfahrung.<\/p>\n<p>&nbsp;<\/p>\n<h2>Termine<\/h2>\n<ul>\n<li data-start=\"874\" data-end=\"918\">\n<p data-start=\"876\" data-end=\"918\"><strong data-start=\"876\" data-end=\"886\">Start:<\/strong> Mittwoch, <strong data-start=\"897\" data-end=\"916\">14. Januar 2026<\/strong><\/p>\n<\/li>\n<li data-start=\"919\" data-end=\"963\">\n<p data-start=\"921\" data-end=\"963\">Danach <strong data-start=\"928\" data-end=\"961\">immer am 1. Mittwoch im Monat<\/strong><\/p>\n<\/li>\n<li data-start=\"964\" data-end=\"991\">\n<p data-start=\"966\" data-end=\"991\"><strong data-start=\"966\" data-end=\"989\">12 Termine pro Jahr<\/strong><\/p>\n<\/li>\n<li data-start=\"992\" data-end=\"1071\">\n<p data-start=\"994\" data-end=\"1071\">Das Turnier findet <strong data-start=\"1013\" data-end=\"1065\">unabh\u00e4ngig von der Anzahl der anwesenden Spieler<\/strong> statt<\/p>\n<\/li>\n<\/ul>\n<p>&nbsp;<\/p>\n<ul><\/ul>\n<p>[\/et_pb_text][\/et_pb_column][et_pb_column type=&#8220;1_2&#8243; _builder_version=&#8220;4.16&#8243; _module_preset=&#8220;default&#8220; global_colors_info=&#8220;{}&#8220;][et_pb_text _builder_version=&#8220;4.27.5&#8243; _module_preset=&#8220;default&#8220; header_2_font=&#8220;Squada One||||||||&#8220; custom_padding=&#8220;||0px|||&#8220; global_colors_info=&#8220;{}&#8220;]<\/p>\n<h2>Tageswertung<\/h2>\n<ul data-start=\"1262\" data-end=\"1357\">\n<li>f\u00fcr alle Teilnehmer<\/li>\n<li data-start=\"1262\" data-end=\"1308\">\n<p data-start=\"1264\" data-end=\"1308\">Der Tagessieger erh\u00e4lt <strong data-start=\"1287\" data-end=\"1306\">2 Getr\u00e4nke frei<\/strong><\/p>\n<\/li>\n<li data-start=\"1309\" data-end=\"1357\">\n<p data-start=\"1311\" data-end=\"1357\">Die Siegerliste wird <strong data-start=\"1332\" data-end=\"1357\">\u00f6ffentlich ausgeh\u00e4ngt<\/strong><\/p>\n<\/li>\n<\/ul>\n<p>&nbsp;<\/p>\n<h2>Jahreswertung<\/h2>\n<ul data-start=\"1377\" data-end=\"1496\">\n<li>nur f\u00fcr Twisterander<\/li>\n<li data-start=\"1377\" data-end=\"1437\">\n<p data-start=\"1379\" data-end=\"1437\">\u00dcber alle Termine hinweg wird eine Jahreswertung gef\u00fchrt<\/p>\n<\/li>\n<li data-start=\"1438\" data-end=\"1496\">\n<p data-start=\"1440\" data-end=\"1496\">Der Gesamtsieger erh\u00e4lt den <strong data-start=\"1468\" data-end=\"1496\">Twisters-Cup-Wanderpokal<\/strong><\/p>\n<\/li>\n<\/ul>\n<p>&nbsp;<\/p>\n<h2>Punktevergabe<\/h2>\n<ul>\n<li>Der letztplatzierte Spieler eines Turniers erh\u00e4lt 1 Punkt<\/li>\n<li>Die Punkte steigen entsprechend der Platzierung an<\/li>\n<li>Jahreswertung: Addition aller erspielten Punkte<\/li>\n<li>Kein Streichergebnis \u2013 jeder Spieltag z\u00e4hlt<\/li>\n<\/ul>\n<p>[\/et_pb_text][\/et_pb_column][\/et_pb_row][et_pb_row _builder_version=&#8220;4.17.3&#8243; _module_preset=&#8220;default&#8220; custom_padding=&#8220;0px|||||&#8220; global_colors_info=&#8220;{}&#8220;][et_pb_column type=&#8220;4_4&#8243; _builder_version=&#8220;4.17.3&#8243; _module_preset=&#8220;default&#8220; global_colors_info=&#8220;{}&#8220;][et_pb_text _builder_version=&#8220;4.27.5&#8243; _module_preset=&#8220;default&#8220; header_2_font=&#8220;Squada One||||||||&#8220; custom_margin=&#8220;35px|||||&#8220; custom_padding=&#8220;||4px|||&#8220; global_colors_info=&#8220;{}&#8220;]<\/p>\n<h2>Rangliste 2026<\/h2>\n<p>[\/et_pb_text][et_pb_image src=&#8220;https:\/\/tfc-twisters.at\/wp-content\/uploads\/2026\/04\/Twisters_Cup_R4.png&#8220; title_text=&#8220;Twisters_Cup_R4&#8243; _builder_version=&#8220;4.27.5&#8243; _module_preset=&#8220;default&#8220; hover_enabled=&#8220;0&#8243; global_colors_info=&#8220;{}&#8220; sticky_enabled=&#8220;0&#8243;][\/et_pb_image][\/et_pb_column][\/et_pb_row][\/et_pb_section]<\/p>\n","protected":false},"excerpt":{"rendered":"<p>Twisters-Cup Der Twisters-Cup ist eine monatliche Tischfu\u00dfball-Turnierserie mit Trainingscharakter. Ziel ist es, regelm\u00e4\u00dfiges Spielen zu f\u00f6rdern, insbesondere das Mittwochstraining, und Spielern aller Leistungsstufen die M\u00f6glichkeit zu geben, im Monster-DYP-Format voneinander [&hellip;]<\/p>\n","protected":false},"author":1,"featured_media":0,"parent":0,"menu_order":0,"comment_status":"closed","ping_status":"closed","template":"","meta":{"_et_pb_use_builder":"on","_et_pb_old_content":"","_et_gb_content_width":"","footnotes":""},"class_list":["post-105303","page","type-page","status-publish","hentry"],"_links":{"self":[{"href":"https:\/\/tfc-twisters.at\/index.php?rest_route=\/wp\/v2\/pages\/105303","targetHints":{"allow":["GET"]}}],"collection":[{"href":"https:\/\/tfc-twisters.at\/index.php?rest_route=\/wp\/v2\/pages"}],"about":[{"href":"https:\/\/tfc-twisters.at\/index.php?rest_route=\/wp\/v2\/types\/page"}],"author":[{"embeddable":true,"href":"https:\/\/tfc-twisters.at\/index.php?rest_route=\/wp\/v2\/users\/1"}],"replies":[{"embeddable":true,"href":"https:\/\/tfc-twisters.at\/index.php?rest_route=%2Fwp%2Fv2%2Fcomments&post=105303"}],"version-history":[{"count":9,"href":"https:\/\/tfc-twisters.at\/index.php?rest_route=\/wp\/v2\/pages\/105303\/revisions"}],"predecessor-version":[{"id":105368,"href":"https:\/\/tfc-twisters.at\/index.php?rest_route=\/wp\/v2\/pages\/105303\/revisions\/105368"}],"wp:attachment":[{"href":"https:\/\/tfc-twisters.at\/index.php?rest_route=%2Fwp%2Fv2%2Fmedia&parent=105303"}],"curies":[{"name":"wp","href":"https:\/\/api.w.org\/{rel}","templated":true}]}}