{"id":104321,"date":"2022-05-19T18:25:01","date_gmt":"2022-05-19T16:25:01","guid":{"rendered":"https:\/\/tfc-twisters.at\/?page_id=104321"},"modified":"2026-04-13T11:42:12","modified_gmt":"2026-04-13T09:42:12","slug":"lm-ooe","status":"publish","type":"page","link":"https:\/\/tfc-twisters.at\/?page_id=104321","title":{"rendered":"LM O\u00d6"},"content":{"rendered":"<p>[et_pb_section fb_built=&#8220;1&#8243; next_background_color=&#8220;#ffffff&#8220; admin_label=&#8220;Header&#8220; _builder_version=&#8220;4.16&#8243; use_background_color_gradient=&#8220;on&#8220; background_color_gradient_direction=&#8220;120deg&#8220; background_color_gradient_stops=&#8220;rgba(35,0,0,0.88) 60%|rgba(71,0,0,0.75) 60%&#8220; background_color_gradient_overlays_image=&#8220;on&#8220; background_color_gradient_start=&#8220;rgba(35,0,0,0.88)&#8220; background_color_gradient_start_position=&#8220;60%&#8220; background_color_gradient_end=&#8220;rgba(71,0,0,0.75)&#8220; background_color_gradient_end_position=&#8220;60%&#8220; background_image=&#8220;https:\/\/tfc-twisters.at\/wp-content\/uploads\/2022\/02\/IMG_8516-2-scaled.jpg&#8220; custom_padding=&#8220;7vw|0px|0px|0px|false|false&#8220; bottom_divider_style=&#8220;mountains2&#8243; bottom_divider_flip=&#8220;horizontal&#8220; global_colors_info=&#8220;{}&#8220;][et_pb_row _builder_version=&#8220;4.16&#8243; custom_width_px=&#8220;1280px&#8220; global_colors_info=&#8220;{}&#8220;][et_pb_column type=&#8220;4_4&#8243; _builder_version=&#8220;4.16&#8243; custom_padding=&#8220;|||&#8220; global_colors_info=&#8220;{}&#8220; custom_padding__hover=&#8220;|||&#8220;][et_pb_text _builder_version=&#8220;4.17.3&#8243; text_font=&#8220;Open Sans||||||||&#8220; text_font_size=&#8220;16px&#8220; text_line_height=&#8220;1.8em&#8220; header_font=&#8220;Squada One|||on|||||&#8220; header_font_size=&#8220;60px&#8220; header_letter_spacing=&#8220;1px&#8220; header_line_height=&#8220;1.1em&#8220; background_layout=&#8220;dark&#8220; max_width=&#8220;700px&#8220; min_height=&#8220;219.4px&#8220; animation_style=&#8220;fade&#8220; text_font_size_tablet=&#8220;&#8220; text_font_size_phone=&#8220;&#8220; text_font_size_last_edited=&#8220;on|desktop&#8220; text_line_height_tablet=&#8220;&#8220; text_line_height_phone=&#8220;&#8220; text_line_height_last_edited=&#8220;on|desktop&#8220; header_font_size_tablet=&#8220;&#8220; header_font_size_phone=&#8220;32px&#8220; header_font_size_last_edited=&#8220;on|phone&#8220; global_colors_info=&#8220;{}&#8220;]<\/p>\n<h1>Landesmeisterschaft O\u00d6<\/h1>\n<p>Hier findest du die Termine sowie Links zur Ausschreibung, und den Ranglisten der LM O\u00d6<\/p>\n<p>[\/et_pb_text][\/et_pb_column][\/et_pb_row][\/et_pb_section][et_pb_section fb_built=&#8220;1&#8243; next_background_color=&#8220;#000000&#8243; admin_label=&#8220;Roster&#8220; _builder_version=&#8220;4.16&#8243; custom_padding=&#8220;50.5156px|0px|110px|0px|false|false&#8220; bottom_divider_style=&#8220;slant2&#8243; locked=&#8220;off&#8220; global_colors_info=&#8220;{}&#8220;][et_pb_row column_structure=&#8220;1_3,1_3,1_3&#8243; _builder_version=&#8220;4.16&#8243; _module_preset=&#8220;default&#8220; global_colors_info=&#8220;{}&#8220;][et_pb_column type=&#8220;1_3&#8243; _builder_version=&#8220;4.16&#8243; _module_preset=&#8220;default&#8220; global_colors_info=&#8220;{}&#8220;][et_pb_text _builder_version=&#8220;4.27.5&#8243; _module_preset=&#8220;default&#8220; header_2_font=&#8220;Squada One||||||||&#8220; width=&#8220;100%&#8220; global_colors_info=&#8220;{}&#8220;]<\/p>\n<h2>Termine LM 2026<\/h2>\n<p>1. Runde: 24. J\u00e4nner 2026<\/p>\n<p>2. Runde: 21. Februar 2026<\/p>\n<p>3. Runde: 28. M\u00e4rz 2026<\/p>\n<p>4. Runde: 25. April 2026<\/p>\n<p>5. Runde: 24. Oktober 2026<\/p>\n<p>Masters: 21. November 2026<\/p>\n<p>[\/et_pb_text][\/et_pb_column][et_pb_column type=&#8220;1_3&#8243; _builder_version=&#8220;4.16&#8243; _module_preset=&#8220;default&#8220; global_colors_info=&#8220;{}&#8220;][et_pb_text _builder_version=&#8220;4.17.3&#8243; _module_preset=&#8220;default&#8220; header_2_font=&#8220;Squada One||||||||&#8220; global_colors_info=&#8220;{}&#8220;]<\/p>\n<h2>Ausschreibung<\/h2>\n<p>Wir verweisen auf die Seite des TFB O\u00d6.<\/p>\n<p>[\/et_pb_text][et_pb_button button_url=&#8220;http:\/\/www.tischfussball-ooe.at\/v2\/landesmeisterschaft\/&#8220; url_new_window=&#8220;on&#8220; button_text=&#8220;Ausschreibung&#8220; button_alignment=&#8220;left&#8220; _builder_version=&#8220;4.22.2&#8243; _module_preset=&#8220;default&#8220; custom_button=&#8220;on&#8220; button_text_color=&#8220;#FFFFFF&#8220; button_bg_color=&#8220;#E02B20&#8243; button_border_width=&#8220;5px&#8220; button_border_color=&#8220;rgba(0,0,0,0)&#8220; button_border_radius=&#8220;0px&#8220; button_font=&#8220;Squada One|||on|||||&#8220; button_use_icon=&#8220;off&#8220; background_layout=&#8220;dark&#8220; custom_margin=&#8220;0px||40px||false|false&#8220; global_colors_info=&#8220;{}&#8220; button_border_radius__hover=&#8220;0px&#8220; button_border_radius__hover_enabled=&#8220;on&#8220;][\/et_pb_button][\/et_pb_column][et_pb_column type=&#8220;1_3&#8243; _builder_version=&#8220;4.17.3&#8243; _module_preset=&#8220;default&#8220; global_colors_info=&#8220;{}&#8220;][et_pb_text _builder_version=&#8220;4.17.3&#8243; _module_preset=&#8220;default&#8220; header_2_font=&#8220;Squada One||||||||&#8220; global_colors_info=&#8220;{}&#8220;]<\/p>\n<h2>Ranglisten<\/h2>\n<p>Wir verweisen auf die Seite des TFB O\u00d6.<\/p>\n<p>[\/et_pb_text][et_pb_button button_url=&#8220;http:\/\/www.tischfussball-ooe.at\/v2\/ranglisten\/&#8220; url_new_window=&#8220;on&#8220; button_text=&#8220;Ranglisten&#8220; button_alignment=&#8220;left&#8220; _builder_version=&#8220;4.27.4&#8243; _module_preset=&#8220;default&#8220; custom_button=&#8220;on&#8220; button_text_color=&#8220;#FFFFFF&#8220; button_bg_color=&#8220;#E02B20&#8243; button_border_width=&#8220;5px&#8220; button_border_color=&#8220;rgba(0,0,0,0)&#8220; button_border_radius=&#8220;0px&#8220; button_font=&#8220;Squada One|||on|||||&#8220; button_use_icon=&#8220;off&#8220; background_layout=&#8220;dark&#8220; custom_margin=&#8220;0px||40px||false|false&#8220; global_colors_info=&#8220;{}&#8220; button_border_radius__hover=&#8220;0px&#8220; button_border_radius__hover_enabled=&#8220;on&#8220;][\/et_pb_button][\/et_pb_column][\/et_pb_row][\/et_pb_section]<\/p>\n","protected":false},"excerpt":{"rendered":"<p>Landesmeisterschaft O\u00d6 Hier findest du die Termine sowie Links zur Ausschreibung, und den Ranglisten der LM O\u00d6Termine LM 2026 1. Runde: 24. J\u00e4nner 2026 2. Runde: 21. Februar 2026 3. [&hellip;]<\/p>\n","protected":false},"author":1,"featured_media":0,"parent":0,"menu_order":0,"comment_status":"closed","ping_status":"closed","template":"","meta":{"_et_pb_use_builder":"on","_et_pb_old_content":"","_et_gb_content_width":"","footnotes":""},"class_list":["post-104321","page","type-page","status-publish","hentry"],"_links":{"self":[{"href":"https:\/\/tfc-twisters.at\/index.php?rest_route=\/wp\/v2\/pages\/104321","targetHints":{"allow":["GET"]}}],"collection":[{"href":"https:\/\/tfc-twisters.at\/index.php?rest_route=\/wp\/v2\/pages"}],"about":[{"href":"https:\/\/tfc-twisters.at\/index.php?rest_route=\/wp\/v2\/types\/page"}],"author":[{"embeddable":true,"href":"https:\/\/tfc-twisters.at\/index.php?rest_route=\/wp\/v2\/users\/1"}],"replies":[{"embeddable":true,"href":"https:\/\/tfc-twisters.at\/index.php?rest_route=%2Fwp%2Fv2%2Fcomments&post=104321"}],"version-history":[{"count":16,"href":"https:\/\/tfc-twisters.at\/index.php?rest_route=\/wp\/v2\/pages\/104321\/revisions"}],"predecessor-version":[{"id":105372,"href":"https:\/\/tfc-twisters.at\/index.php?rest_route=\/wp\/v2\/pages\/104321\/revisions\/105372"}],"wp:attachment":[{"href":"https:\/\/tfc-twisters.at\/index.php?rest_route=%2Fwp%2Fv2%2Fmedia&parent=104321"}],"curies":[{"name":"wp","href":"https:\/\/api.w.org\/{rel}","templated":true}]}}