{"id":104117,"date":"2022-02-24T16:11:27","date_gmt":"2022-02-24T15:11:27","guid":{"rendered":"https:\/\/lp-consulting.at\/?page_id=104117"},"modified":"2025-09-03T13:57:33","modified_gmt":"2025-09-03T11:57:33","slug":"vorstand","status":"publish","type":"page","link":"https:\/\/tfc-twisters.at\/?page_id=104117","title":{"rendered":"Vorstand"},"content":{"rendered":"<p>[et_pb_section fb_built=&#8220;1&#8243; next_background_color=&#8220;#ffffff&#8220; admin_label=&#8220;Header&#8220; _builder_version=&#8220;4.16&#8243; use_background_color_gradient=&#8220;on&#8220; background_color_gradient_direction=&#8220;120deg&#8220; background_color_gradient_stops=&#8220;rgba(35,0,0,0.88) 60%|rgba(71,0,0,0.75) 60%&#8220; background_color_gradient_overlays_image=&#8220;on&#8220; background_color_gradient_start=&#8220;rgba(35,0,0,0.88)&#8220; background_color_gradient_start_position=&#8220;60%&#8220; background_color_gradient_end=&#8220;rgba(71,0,0,0.75)&#8220; background_color_gradient_end_position=&#8220;60%&#8220; background_image=&#8220;https:\/\/tfc-twisters.at\/wp-content\/uploads\/2022\/02\/IMG_8958-scaled.jpg&#8220; custom_padding=&#8220;7vw|0px|0px|0px|false|false&#8220; bottom_divider_style=&#8220;mountains2&#8243; bottom_divider_flip=&#8220;horizontal&#8220; global_colors_info=&#8220;{}&#8220;][et_pb_row _builder_version=&#8220;4.16&#8243; custom_width_px=&#8220;1280px&#8220; global_colors_info=&#8220;{}&#8220;][et_pb_column type=&#8220;4_4&#8243; _builder_version=&#8220;4.16&#8243; custom_padding=&#8220;|||&#8220; global_colors_info=&#8220;{}&#8220; custom_padding__hover=&#8220;|||&#8220;][et_pb_text _builder_version=&#8220;4.16&#8243; text_font=&#8220;Open Sans||||||||&#8220; text_font_size=&#8220;16px&#8220; text_line_height=&#8220;1.8em&#8220; header_font=&#8220;Squada One|||on|||||&#8220; header_font_size=&#8220;60px&#8220; header_letter_spacing=&#8220;1px&#8220; header_line_height=&#8220;1.1em&#8220; background_layout=&#8220;dark&#8220; max_width=&#8220;700px&#8220; min_height=&#8220;219.4px&#8220; animation_style=&#8220;fade&#8220; text_font_size_tablet=&#8220;&#8220; text_font_size_phone=&#8220;&#8220; text_font_size_last_edited=&#8220;on|desktop&#8220; text_line_height_tablet=&#8220;&#8220; text_line_height_phone=&#8220;&#8220; text_line_height_last_edited=&#8220;on|desktop&#8220; header_font_size_tablet=&#8220;&#8220; header_font_size_phone=&#8220;32px&#8220; header_font_size_last_edited=&#8220;on|phone&#8220; global_colors_info=&#8220;{}&#8220;]<\/p>\n<h1>Unser Vorstand<\/h1>\n<p>Wir stellen unseren Vorstand kurz vor!<\/p>\n<p>[\/et_pb_text][\/et_pb_column][\/et_pb_row][\/et_pb_section][et_pb_section fb_built=&#8220;1&#8243; next_background_color=&#8220;#000000&#8243; admin_label=&#8220;Roster&#8220; _builder_version=&#8220;4.16&#8243; custom_padding=&#8220;50.5156px|0px|110px|0px|false|false&#8220; bottom_divider_style=&#8220;slant2&#8243; locked=&#8220;off&#8220; global_colors_info=&#8220;{}&#8220;][et_pb_row column_structure=&#8220;1_2,1_2&#8243; _builder_version=&#8220;4.16&#8243; global_colors_info=&#8220;{}&#8220;][et_pb_column type=&#8220;1_2&#8243; _builder_version=&#8220;4.16&#8243; custom_padding=&#8220;|||&#8220; global_colors_info=&#8220;{}&#8220; custom_padding__hover=&#8220;|||&#8220;][et_pb_blurb title=&#8220;Peter Swoboda&#8220; image=&#8220;https:\/\/tfc-twisters.at\/wp-content\/uploads\/2022\/02\/Swoboda_Peter.jpg&#8220; icon_placement=&#8220;left&#8220; image_icon_width=&#8220;100px&#8220; content_max_width=&#8220;700px&#8220; _builder_version=&#8220;4.16&#8243; header_font=&#8220;|700|||||||&#8220; header_line_height=&#8220;1.8em&#8220; border_radii_image=&#8220;on|100px|100px|100px|100px&#8220; image_max_width=&#8220;100px&#8220; global_colors_info=&#8220;{}&#8220;]<\/p>\n<p>Pr\u00e4sident<\/p>\n<p>[\/et_pb_blurb][et_pb_blurb title=&#8220;Andreas Gruber&#8220; image=&#8220;https:\/\/tfc-twisters.at\/wp-content\/uploads\/2022\/02\/Gruber_Andreas-769&#215;1024-1.jpg&#8220; icon_placement=&#8220;left&#8220; image_icon_width=&#8220;100px&#8220; content_max_width=&#8220;700px&#8220; _builder_version=&#8220;4.16&#8243; header_font=&#8220;|700|||||||&#8220; header_line_height=&#8220;1.8em&#8220; border_radii_image=&#8220;on|100px|100px|100px|100px&#8220; image_max_width=&#8220;100px&#8220; global_colors_info=&#8220;{}&#8220;]<\/p>\n<p>Kassier<\/p>\n<p>[\/et_pb_blurb][et_pb_blurb title=&#8220;Dominik Falkensteiner&#8220; image=&#8220;https:\/\/tfc-twisters.at\/wp-content\/uploads\/2022\/02\/Falkensteiner_Dominik.jpg&#8220; icon_placement=&#8220;left&#8220; image_icon_width=&#8220;100px&#8220; content_max_width=&#8220;700px&#8220; _builder_version=&#8220;4.16&#8243; header_font=&#8220;|700|||||||&#8220; header_line_height=&#8220;1.8em&#8220; border_radii_image=&#8220;on|100px|100px|100px|100px&#8220; image_max_width=&#8220;100px&#8220; global_colors_info=&#8220;{}&#8220;]<\/p>\n<p>Schriftf\u00fchrer<\/p>\n<p>[\/et_pb_blurb][et_pb_blurb title=&#8220;Bernhard Biermayr-Notter&#8220; image=&#8220;https:\/\/tfc-twisters.at\/wp-content\/uploads\/2022\/02\/Biermayr_Bernhard.jpg&#8220; icon_placement=&#8220;left&#8220; image_icon_width=&#8220;100px&#8220; content_max_width=&#8220;700px&#8220; _builder_version=&#8220;4.16&#8243; header_font=&#8220;|700|||||||&#8220; header_line_height=&#8220;1.8em&#8220; border_radii_image=&#8220;on|100px|100px|100px|100px&#8220; image_max_width=&#8220;100px&#8220; global_colors_info=&#8220;{}&#8220;]<\/p>\n<p>Social Media und Website Beauftragter<\/p>\n<p>[\/et_pb_blurb][\/et_pb_column][et_pb_column type=&#8220;1_2&#8243; _builder_version=&#8220;4.16&#8243; _module_preset=&#8220;default&#8220; global_colors_info=&#8220;{}&#8220;][et_pb_blurb title=&#8220;Christian Gruber&#8220; image=&#8220;https:\/\/tfc-twisters.at\/wp-content\/uploads\/2022\/02\/Gruber_Christian.jpg&#8220; icon_placement=&#8220;left&#8220; image_icon_width=&#8220;100px&#8220; content_max_width=&#8220;700px&#8220; _builder_version=&#8220;4.16&#8243; header_font=&#8220;|700|||||||&#8220; header_line_height=&#8220;1.8em&#8220; border_radii_image=&#8220;on|100px|100px|100px|100px&#8220; image_max_width=&#8220;100px&#8220; global_colors_info=&#8220;{}&#8220;]<\/p>\n<p>Vizepr\u00e4sident<\/p>\n<p>[\/et_pb_blurb][et_pb_blurb title=&#8220;Stefan Seifert&#8220; image=&#8220;https:\/\/tfc-twisters.at\/wp-content\/uploads\/2022\/02\/Seifert_Stefan.jpg&#8220; icon_placement=&#8220;left&#8220; image_icon_width=&#8220;100px&#8220; content_max_width=&#8220;700px&#8220; _builder_version=&#8220;4.16&#8243; header_font=&#8220;|700|||||||&#8220; header_line_height=&#8220;1.8em&#8220; border_radii_image=&#8220;on|100px|100px|100px|100px&#8220; image_max_width=&#8220;100px&#8220; global_colors_info=&#8220;{}&#8220;]<\/p>\n<p>Kassier Stellvertreter<\/p>\n<p>[\/et_pb_blurb][et_pb_blurb title=&#8220;Alfred Ratzenb\u00f6ck&#8220; image=&#8220;https:\/\/tfc-twisters.at\/wp-content\/uploads\/2025\/09\/Bildschirmfoto-2025-09-03-um-13.56.34.png&#8220; icon_placement=&#8220;left&#8220; image_icon_width=&#8220;100px&#8220; content_max_width=&#8220;700px&#8220; _builder_version=&#8220;4.27.4&#8243; header_font=&#8220;|700|||||||&#8220; header_line_height=&#8220;1.8em&#8220; hover_enabled=&#8220;0&#8243; border_radii_image=&#8220;on|100px|100px|100px|100px&#8220; image_max_width=&#8220;100px&#8220; global_colors_info=&#8220;{}&#8220; sticky_enabled=&#8220;0&#8243; title_text=&#8220;Alfred&#8220;]<\/p>\n<p>Schriftf\u00fchrer Stellvertreter<\/p>\n<p>[\/et_pb_blurb][\/et_pb_column][\/et_pb_row][\/et_pb_section]<\/p>\n","protected":false},"excerpt":{"rendered":"<p>Unser Vorstand Wir stellen unseren Vorstand kurz vor!Pr\u00e4sidentKassierSchriftf\u00fchrerSocial Media und Website BeauftragterVizepr\u00e4sidentKassier StellvertreterSchriftf\u00fchrer Stellvertreter<\/p>\n","protected":false},"author":1,"featured_media":0,"parent":0,"menu_order":0,"comment_status":"closed","ping_status":"closed","template":"","meta":{"_et_pb_use_builder":"on","_et_pb_old_content":"","_et_gb_content_width":"","footnotes":""},"class_list":["post-104117","page","type-page","status-publish","hentry"],"_links":{"self":[{"href":"https:\/\/tfc-twisters.at\/index.php?rest_route=\/wp\/v2\/pages\/104117","targetHints":{"allow":["GET"]}}],"collection":[{"href":"https:\/\/tfc-twisters.at\/index.php?rest_route=\/wp\/v2\/pages"}],"about":[{"href":"https:\/\/tfc-twisters.at\/index.php?rest_route=\/wp\/v2\/types\/page"}],"author":[{"embeddable":true,"href":"https:\/\/tfc-twisters.at\/index.php?rest_route=\/wp\/v2\/users\/1"}],"replies":[{"embeddable":true,"href":"https:\/\/tfc-twisters.at\/index.php?rest_route=%2Fwp%2Fv2%2Fcomments&post=104117"}],"version-history":[{"count":9,"href":"https:\/\/tfc-twisters.at\/index.php?rest_route=\/wp\/v2\/pages\/104117\/revisions"}],"predecessor-version":[{"id":105259,"href":"https:\/\/tfc-twisters.at\/index.php?rest_route=\/wp\/v2\/pages\/104117\/revisions\/105259"}],"wp:attachment":[{"href":"https:\/\/tfc-twisters.at\/index.php?rest_route=%2Fwp%2Fv2%2Fmedia&parent=104117"}],"curies":[{"name":"wp","href":"https:\/\/api.w.org\/{rel}","templated":true}]}}