{"id":104062,"date":"2022-02-24T14:17:46","date_gmt":"2022-02-24T13:17:46","guid":{"rendered":"https:\/\/lp-consulting.at\/?page_id=104062"},"modified":"2022-03-02T15:01:56","modified_gmt":"2022-03-02T14:01:56","slug":"kontakt","status":"publish","type":"page","link":"https:\/\/tfc-twisters.at\/?page_id=104062","title":{"rendered":"Kontakt"},"content":{"rendered":"<p>[et_pb_section fb_built=&#8220;1&#8243; next_background_color=&#8220;#ffffff&#8220; admin_label=&#8220;Header&#8220; _builder_version=&#8220;4.14.8&#8243; use_background_color_gradient=&#8220;on&#8220; background_color_gradient_start=&#8220;rgba(40,0,0,0.93)&#8220; background_color_gradient_end=&#8220;rgba(71,0,0,0.89)&#8220; background_color_gradient_direction=&#8220;120deg&#8220; background_color_gradient_start_position=&#8220;60%&#8220; background_color_gradient_end_position=&#8220;60%&#8220; background_color_gradient_overlays_image=&#8220;on&#8220; background_image=&#8220;https:\/\/tfc-twisters.at\/wp-content\/uploads\/2022\/02\/IMG_8958-scaled.jpg&#8220; custom_padding=&#8220;7vw|0px|7vw|0px|true|false&#8220; bottom_divider_style=&#8220;mountains2&#8243; bottom_divider_flip=&#8220;horizontal&#8220; global_colors_info=&#8220;{}&#8220;][et_pb_row column_structure=&#8220;2_3,1_3&#8243; _builder_version=&#8220;3.25&#8243; custom_width_px__hover=&#8220;1080px&#8220; custom_width_px__hover_enabled=&#8220;1080px&#8220; custom_width_percent__hover=&#8220;80%&#8220; custom_width_percent__hover_enabled=&#8220;80%&#8220; global_colors_info=&#8220;{}&#8220; make_fullwidth__hover=&#8220;off&#8220; make_fullwidth__hover_enabled=&#8220;off&#8220; use_custom_width__hover=&#8220;off&#8220; use_custom_width__hover_enabled=&#8220;off&#8220; width_unit__hover=&#8220;on&#8220; width_unit__hover_enabled=&#8220;on&#8220; use_custom_gutter__hover=&#8220;off&#8220; use_custom_gutter__hover_enabled=&#8220;off&#8220; gutter_width__hover=&#8220;3&#8243; gutter_width__hover_enabled=&#8220;3&#8243; make_equal__hover=&#8220;off&#8220; make_equal__hover_enabled=&#8220;off&#8220;][et_pb_column type=&#8220;2_3&#8243; _builder_version=&#8220;3.25&#8243; custom_padding=&#8220;|||&#8220; global_colors_info=&#8220;{}&#8220; custom_padding__hover=&#8220;|||&#8220;][et_pb_text _builder_version=&#8220;4.14.8&#8243; text_font=&#8220;Open Sans||||||||&#8220; text_font_size=&#8220;16px&#8220; text_line_height=&#8220;1.8em&#8220; header_font=&#8220;Squada One|||on|||||&#8220; header_font_size=&#8220;60px&#8220; header_letter_spacing=&#8220;1px&#8220; header_line_height=&#8220;1.1em&#8220; background_layout=&#8220;dark&#8220; max_width=&#8220;700px&#8220; animation_style=&#8220;fade&#8220; hover_enabled=&#8220;0&#8243; text_font_size_tablet=&#8220;&#8220; text_font_size_phone=&#8220;&#8220; text_font_size_last_edited=&#8220;on|desktop&#8220; text_line_height_tablet=&#8220;&#8220; text_line_height_phone=&#8220;&#8220; text_line_height_last_edited=&#8220;on|desktop&#8220; header_font_size_tablet=&#8220;&#8220; header_font_size_phone=&#8220;32px&#8220; header_font_size_last_edited=&#8220;on|phone&#8220; global_colors_info=&#8220;{}&#8220; sticky_enabled=&#8220;0&#8243;]<\/p>\n<h1>Kontakt<\/h1>\n<p>Du m\u00f6chtest mehr \u00fcber uns erfahren oder an einem Training teilnehmen? Dann schreibe uns oder melde dich telefonisch bei Andreas Gruber.<\/p>\n<p>[\/et_pb_text][et_pb_contact_form captcha=&#8220;off&#8220; email=&#8220;tfc-twisters@gmx.at&#8220; submit_button_text=&#8220;Senden&#8220; module_id=&#8220;et_pb_contact_form_0&#8243; _builder_version=&#8220;4.14.8&#8243; _unique_id=&#8220;7e533a86-4e99-44ce-8d3a-85dbe256e78f&#8220; form_field_background_color=&#8220;rgba(255,255,255,0.29)&#8220; form_field_text_color=&#8220;#ffffff&#8220; title_level=&#8220;h2&#8243; title_font=&#8220;Squada One||||||||&#8220; title_font_size=&#8220;40px&#8220; form_field_font=&#8220;Open Sans||||||||&#8220; form_field_line_height=&#8220;1.8em&#8220; custom_button=&#8220;on&#8220; button_text_color=&#8220;#ffffff&#8220; button_bg_color=&#8220;#E02B20&#8243; button_border_width=&#8220;5px&#8220; button_border_color=&#8220;rgba(0,0,0,0)&#8220; button_border_radius=&#8220;0px&#8220; button_font=&#8220;Squada One|||on|||||&#8220; title_font_size_tablet=&#8220;35px&#8220; title_font_size_phone=&#8220;25px&#8220; title_font_size_last_edited=&#8220;on|desktop&#8220; form_background_color=&#8220;rgba(255,255,255,0.29)&#8220; global_colors_info=&#8220;{}&#8220; button_border_radius_hover=&#8220;0px&#8220;][et_pb_contact_field field_id=&#8220;Name&#8220; field_title=&#8220;Name&#8220; _builder_version=&#8220;3.16&#8243; global_colors_info=&#8220;{}&#8220; button_text_size__hover_enabled=&#8220;off&#8220; button_one_text_size__hover_enabled=&#8220;off&#8220; button_two_text_size__hover_enabled=&#8220;off&#8220; button_text_color__hover_enabled=&#8220;off&#8220; button_one_text_color__hover_enabled=&#8220;off&#8220; button_two_text_color__hover_enabled=&#8220;off&#8220; button_border_width__hover_enabled=&#8220;off&#8220; button_one_border_width__hover_enabled=&#8220;off&#8220; button_two_border_width__hover_enabled=&#8220;off&#8220; button_border_color__hover_enabled=&#8220;off&#8220; button_one_border_color__hover_enabled=&#8220;off&#8220; button_two_border_color__hover_enabled=&#8220;off&#8220; button_border_radius__hover_enabled=&#8220;off&#8220; button_one_border_radius__hover_enabled=&#8220;off&#8220; button_two_border_radius__hover_enabled=&#8220;off&#8220; button_letter_spacing__hover_enabled=&#8220;off&#8220; button_one_letter_spacing__hover_enabled=&#8220;off&#8220; button_two_letter_spacing__hover_enabled=&#8220;off&#8220; button_bg_color__hover_enabled=&#8220;off&#8220; button_one_bg_color__hover_enabled=&#8220;off&#8220; button_two_bg_color__hover_enabled=&#8220;off&#8220;][\/et_pb_contact_field][et_pb_contact_field field_id=&#8220;Email&#8220; field_title=&#8220;Email&#8220; field_type=&#8220;email&#8220; _builder_version=&#8220;4.14.8&#8243; global_colors_info=&#8220;{}&#8220; button_text_size__hover_enabled=&#8220;off&#8220; button_one_text_size__hover_enabled=&#8220;off&#8220; button_two_text_size__hover_enabled=&#8220;off&#8220; button_text_color__hover_enabled=&#8220;off&#8220; button_one_text_color__hover_enabled=&#8220;off&#8220; button_two_text_color__hover_enabled=&#8220;off&#8220; button_border_width__hover_enabled=&#8220;off&#8220; button_one_border_width__hover_enabled=&#8220;off&#8220; button_two_border_width__hover_enabled=&#8220;off&#8220; button_border_color__hover_enabled=&#8220;off&#8220; button_one_border_color__hover_enabled=&#8220;off&#8220; button_two_border_color__hover_enabled=&#8220;off&#8220; button_border_radius__hover_enabled=&#8220;off&#8220; button_one_border_radius__hover_enabled=&#8220;off&#8220; button_two_border_radius__hover_enabled=&#8220;off&#8220; button_letter_spacing__hover_enabled=&#8220;off&#8220; button_one_letter_spacing__hover_enabled=&#8220;off&#8220; button_two_letter_spacing__hover_enabled=&#8220;off&#8220; button_bg_color__hover_enabled=&#8220;off&#8220; button_one_bg_color__hover_enabled=&#8220;off&#8220; button_two_bg_color__hover_enabled=&#8220;off&#8220;][\/et_pb_contact_field][et_pb_contact_field field_id=&#8220;Message&#8220; field_title=&#8220;Nachricht&#8220; field_type=&#8220;text&#8220; fullwidth_field=&#8220;on&#8220; _builder_version=&#8220;4.14.8&#8243; custom_margin=&#8220;||5px&#8220; global_colors_info=&#8220;{}&#8220; button_text_size__hover_enabled=&#8220;off&#8220; button_one_text_size__hover_enabled=&#8220;off&#8220; button_two_text_size__hover_enabled=&#8220;off&#8220; button_text_color__hover_enabled=&#8220;off&#8220; button_one_text_color__hover_enabled=&#8220;off&#8220; button_two_text_color__hover_enabled=&#8220;off&#8220; button_border_width__hover_enabled=&#8220;off&#8220; button_one_border_width__hover_enabled=&#8220;off&#8220; button_two_border_width__hover_enabled=&#8220;off&#8220; button_border_color__hover_enabled=&#8220;off&#8220; button_one_border_color__hover_enabled=&#8220;off&#8220; button_two_border_color__hover_enabled=&#8220;off&#8220; button_border_radius__hover_enabled=&#8220;off&#8220; button_one_border_radius__hover_enabled=&#8220;off&#8220; button_two_border_radius__hover_enabled=&#8220;off&#8220; button_letter_spacing__hover_enabled=&#8220;off&#8220; button_one_letter_spacing__hover_enabled=&#8220;off&#8220; button_two_letter_spacing__hover_enabled=&#8220;off&#8220; button_bg_color__hover_enabled=&#8220;off&#8220; button_one_bg_color__hover_enabled=&#8220;off&#8220; button_two_bg_color__hover_enabled=&#8220;off&#8220;][\/et_pb_contact_field][\/et_pb_contact_form][\/et_pb_column][et_pb_column type=&#8220;1_3&#8243; _builder_version=&#8220;3.25&#8243; custom_padding=&#8220;|||&#8220; global_colors_info=&#8220;{}&#8220; custom_padding__hover=&#8220;|||&#8220;][et_pb_team_member name=&#8220;Andreas Gruber&#8220; position=&#8220;Kassier&#8220; image_url=&#8220;https:\/\/tfc-twisters.at\/wp-content\/uploads\/2022\/02\/Gruber_Andreas-769&#215;1024-1.jpg&#8220; _builder_version=&#8220;4.14.8&#8243; _module_preset=&#8220;default&#8220; header_font=&#8220;|700||||on|||&#8220; header_text_align=&#8220;center&#8220; header_text_color=&#8220;#FFFFFF&#8220; body_text_align=&#8220;center&#8220; body_text_color=&#8220;#FFFFFF&#8220; position_text_align=&#8220;center&#8220; background_color=&#8220;RGBA(255,255,255,0)&#8220; z_index=&#8220;0&#8243; custom_margin=&#8220;0px|||0px|false|false&#8220; custom_padding=&#8220;16px|16px|16px|16px|false|false&#8220; child_filter_opacity=&#8220;80%&#8220; border_radii_image=&#8220;on|200px|200px|200px|200px&#8220; border_width_all_image=&#8220;23px&#8220; border_color_all_image=&#8220;RGBA(255,255,255,0)&#8220; global_colors_info=&#8220;{}&#8220;]<\/p>\n<p><strong>Telefon:<\/strong> +43 660 1541305<br \/><strong>Email:<\/strong> tfc-twisters@gmx.at<\/p>\n<p>[\/et_pb_team_member][\/et_pb_column][\/et_pb_row][\/et_pb_section][et_pb_section fb_built=&#8220;1&#8243; next_background_color=&#8220;#000000&#8243; admin_label=&#8220;Roster&#8220; _builder_version=&#8220;4.14.8&#8243; custom_padding=&#8220;50.5156px|0px|110px|0px|false|false&#8220; bottom_divider_style=&#8220;slant2&#8243; locked=&#8220;off&#8220; global_colors_info=&#8220;{}&#8220;][et_pb_row use_custom_gutter=&#8220;on&#8220; gutter_width=&#8220;2&#8243; _builder_version=&#8220;3.25&#8243; custom_padding=&#8220;27px|0px|0|0px|false|false&#8220; locked=&#8220;off&#8220; global_colors_info=&#8220;{}&#8220;][et_pb_column type=&#8220;4_4&#8243; _builder_version=&#8220;3.25&#8243; custom_padding=&#8220;|||&#8220; global_colors_info=&#8220;{}&#8220; custom_padding__hover=&#8220;|||&#8220;][et_pb_text _builder_version=&#8220;4.14.8&#8243; text_font=&#8220;Open Sans||||||||&#8220; text_line_height=&#8220;1.8em&#8220; header_font=&#8220;||||||||&#8220; header_2_font=&#8220;Squada One||||||||&#8220; header_2_font_size=&#8220;40px&#8220; header_3_font=&#8220;Squada One|||on|||||&#8220; header_3_text_color=&#8220;#00aaff&#8220; header_3_font_size=&#8220;30px&#8220; custom_margin=&#8220;||8px&#8220; header_2_font_size_tablet=&#8220;35px&#8220; header_2_font_size_phone=&#8220;25px&#8220; header_2_font_size_last_edited=&#8220;on|phone&#8220; header_3_font_size_tablet=&#8220;&#8220; header_3_font_size_phone=&#8220;25px&#8220; header_3_font_size_last_edited=&#8220;on|phone&#8220; global_colors_info=&#8220;{}&#8220;]<\/p>\n<h2 class=\"p1\"><span class=\"s1\">TFC Twisters Vorstand<\/span><\/h2>\n<p>[\/et_pb_text][\/et_pb_column][\/et_pb_row][et_pb_row column_structure=&#8220;1_2,1_2&#8243; _builder_version=&#8220;3.25&#8243; global_colors_info=&#8220;{}&#8220;][et_pb_column type=&#8220;1_2&#8243; _builder_version=&#8220;3.25&#8243; custom_padding=&#8220;|||&#8220; global_colors_info=&#8220;{}&#8220; custom_padding__hover=&#8220;|||&#8220;][et_pb_blurb title=&#8220;Peter Swoboda&#8220; image=&#8220;https:\/\/tfc-twisters.at\/wp-content\/uploads\/2022\/02\/Swoboda_Peter.jpg&#8220; icon_placement=&#8220;left&#8220; image_icon_width=&#8220;100px&#8220; content_max_width=&#8220;700px&#8220; _builder_version=&#8220;4.14.8&#8243; header_font=&#8220;|700|||||||&#8220; header_line_height=&#8220;1.8em&#8220; border_radii_image=&#8220;on|100px|100px|100px|100px&#8220; image_max_width=&#8220;100px&#8220; global_colors_info=&#8220;{}&#8220;]<\/p>\n<p>Pr\u00e4sident<\/p>\n<p>[\/et_pb_blurb][et_pb_blurb title=&#8220;Andreas Gruber&#8220; image=&#8220;https:\/\/tfc-twisters.at\/wp-content\/uploads\/2022\/02\/Gruber_Andreas-769&#215;1024-1.jpg&#8220; icon_placement=&#8220;left&#8220; image_icon_width=&#8220;100px&#8220; content_max_width=&#8220;700px&#8220; _builder_version=&#8220;4.14.8&#8243; header_font=&#8220;|700|||||||&#8220; header_line_height=&#8220;1.8em&#8220; border_radii_image=&#8220;on|100px|100px|100px|100px&#8220; image_max_width=&#8220;100px&#8220; global_colors_info=&#8220;{}&#8220;]<\/p>\n<p>Kassier<\/p>\n<p>[\/et_pb_blurb][et_pb_blurb title=&#8220;Dominik Falkensteiner&#8220; image=&#8220;https:\/\/tfc-twisters.at\/wp-content\/uploads\/2022\/02\/Falkensteiner_Dominik.jpg&#8220; icon_placement=&#8220;left&#8220; image_icon_width=&#8220;100px&#8220; content_max_width=&#8220;700px&#8220; _builder_version=&#8220;4.14.8&#8243; header_font=&#8220;|700|||||||&#8220; header_line_height=&#8220;1.8em&#8220; border_radii_image=&#8220;on|100px|100px|100px|100px&#8220; image_max_width=&#8220;100px&#8220; global_colors_info=&#8220;{}&#8220;]<\/p>\n<p>Schriftf\u00fchrer<\/p>\n<p>[\/et_pb_blurb][\/et_pb_column][et_pb_column type=&#8220;1_2&#8243; _builder_version=&#8220;4.14.8&#8243; _module_preset=&#8220;default&#8220; global_colors_info=&#8220;{}&#8220;][et_pb_blurb title=&#8220;Christian Gruber&#8220; image=&#8220;https:\/\/tfc-twisters.at\/wp-content\/uploads\/2022\/02\/Gruber_Christian.jpg&#8220; icon_placement=&#8220;left&#8220; image_icon_width=&#8220;100px&#8220; content_max_width=&#8220;700px&#8220; _builder_version=&#8220;4.14.8&#8243; header_font=&#8220;|700|||||||&#8220; header_line_height=&#8220;1.8em&#8220; border_radii_image=&#8220;on|100px|100px|100px|100px&#8220; image_max_width=&#8220;100px&#8220; global_colors_info=&#8220;{}&#8220;]<\/p>\n<p>Vizepr\u00e4sident<\/p>\n<p>[\/et_pb_blurb][et_pb_blurb title=&#8220;Stefan Seifert&#8220; image=&#8220;https:\/\/tfc-twisters.at\/wp-content\/uploads\/2022\/02\/Seifert_Stefan.jpg&#8220; icon_placement=&#8220;left&#8220; image_icon_width=&#8220;100px&#8220; content_max_width=&#8220;700px&#8220; _builder_version=&#8220;4.14.8&#8243; header_font=&#8220;|700|||||||&#8220; header_line_height=&#8220;1.8em&#8220; border_radii_image=&#8220;on|100px|100px|100px|100px&#8220; image_max_width=&#8220;100px&#8220; global_colors_info=&#8220;{}&#8220;]<\/p>\n<p>Kassier Stellvertreter<\/p>\n<p>[\/et_pb_blurb][et_pb_blurb title=&#8220;Bernhard Biermayr&#8220; image=&#8220;https:\/\/tfc-twisters.at\/wp-content\/uploads\/2022\/02\/Biermayr_Bernhard.jpg&#8220; icon_placement=&#8220;left&#8220; image_icon_width=&#8220;100px&#8220; content_max_width=&#8220;700px&#8220; _builder_version=&#8220;4.14.8&#8243; header_font=&#8220;|700|||||||&#8220; header_line_height=&#8220;1.8em&#8220; border_radii_image=&#8220;on|100px|100px|100px|100px&#8220; image_max_width=&#8220;100px&#8220; global_colors_info=&#8220;{}&#8220;]<\/p>\n<p>Schriftf\u00fchrer Stellvertreter<\/p>\n<p>[\/et_pb_blurb][\/et_pb_column][\/et_pb_row][\/et_pb_section]<\/p>\n","protected":false},"excerpt":{"rendered":"<p>Kontakt Du m\u00f6chtest mehr \u00fcber uns erfahren oder an einem Training teilnehmen? Dann schreibe uns oder melde dich telefonisch bei Andreas Gruber.Telefon: +43 660 1541305Email: tfc-twisters@gmx.atTFC Twisters VorstandPr\u00e4sidentKassierSchriftf\u00fchrerVizepr\u00e4sidentKassier StellvertreterSchriftf\u00fchrer Stellvertreter<\/p>\n","protected":false},"author":1,"featured_media":0,"parent":0,"menu_order":0,"comment_status":"closed","ping_status":"closed","template":"","meta":{"_et_pb_use_builder":"on","_et_pb_old_content":"","_et_gb_content_width":"","footnotes":""},"class_list":["post-104062","page","type-page","status-publish","hentry"],"_links":{"self":[{"href":"https:\/\/tfc-twisters.at\/index.php?rest_route=\/wp\/v2\/pages\/104062","targetHints":{"allow":["GET"]}}],"collection":[{"href":"https:\/\/tfc-twisters.at\/index.php?rest_route=\/wp\/v2\/pages"}],"about":[{"href":"https:\/\/tfc-twisters.at\/index.php?rest_route=\/wp\/v2\/types\/page"}],"author":[{"embeddable":true,"href":"https:\/\/tfc-twisters.at\/index.php?rest_route=\/wp\/v2\/users\/1"}],"replies":[{"embeddable":true,"href":"https:\/\/tfc-twisters.at\/index.php?rest_route=%2Fwp%2Fv2%2Fcomments&post=104062"}],"version-history":[{"count":9,"href":"https:\/\/tfc-twisters.at\/index.php?rest_route=\/wp\/v2\/pages\/104062\/revisions"}],"predecessor-version":[{"id":104221,"href":"https:\/\/tfc-twisters.at\/index.php?rest_route=\/wp\/v2\/pages\/104062\/revisions\/104221"}],"wp:attachment":[{"href":"https:\/\/tfc-twisters.at\/index.php?rest_route=%2Fwp%2Fv2%2Fmedia&parent=104062"}],"curies":[{"name":"wp","href":"https:\/\/api.w.org\/{rel}","templated":true}]}}